{"id":61881,"date":"2019-03-21T10:25:16","date_gmt":"2019-03-21T09:25:16","guid":{"rendered":"https:\/\/www.esse-ci.com\/?page_id=61881"},"modified":"2019-03-27T17:15:23","modified_gmt":"2019-03-27T16:15:23","slug":"bluetooth","status":"publish","type":"page","link":"https:\/\/www.esse-ci.com\/de\/bluetooth\/","title":{"rendered":"Bluetooth technology"},"content":{"rendered":"<p>Moderne Beleuchtungssysteme sind als <strong>integraler Bestandteil des Raumkomforts<\/strong> und des professionellen Managements der Energieeffizienz konzipiert.<\/p>\n<p>Management bedeutet auch, die Steuerungsprozesse zu <strong>vereinfachen<\/strong>, die Beleuchtungsaktivit\u00e4t und -leistung zu \u00fcberwachen, wobei die Bed\u00fcrfnisse des Endverbrauchers in den Mittelpunkt gestellt werden. ESSE-CI stellt eine Reihe von L\u00f6sungen auf Basis der <strong>Casambi-Plattform<\/strong> vor, die es erm\u00f6glichen, \u00fcber <strong>Fernsteuerung mittels einer App<\/strong> auf Smartphone oder Tablet das <strong>gesamte Netzwerk von Ger\u00e4ten<\/strong> oder drahtlosen Sensoren (z.B. Pr\u00e4senz-\/Helligkeitssensoren) zu verwalten. Ein Netzwerk kann 127 <strong>Knotenpunkte enthalten<\/strong>, mit der M\u00f6glichkeit, mehrere Netzwerke gleichzeitig zu steuern.<\/p>\n<p>Die L\u00f6sung basiert auf einer <strong>stromsparenden<\/strong> <strong>Bluetooth-Technologie<\/strong> (Bluetooth Low Energy). Zudem ist es mit dem Netzwerk <strong>Mesh Network<\/strong> m\u00f6glich, dank seiner verteilten und symmetrischen Architektur, die Intelligenz in jedem Knoten zu replizieren und somit Unterbrechungen durch vor\u00fcbergehend nicht funktionierende Knoten zu vermeiden. Jeder Knoten kann in dem vom Bluetooth abgedeckten Bereich bis zu maximal 50 m mit einem anderen Knoten kommunizieren.<\/p>\n<p>Die <strong>Sicherheit<\/strong> des Systems f\u00fcr die Kommunikation zwischen den einzelnen Casambi-Einheiten wird durch <strong>verschl\u00fcsselte Protokolle<\/strong> gew\u00e4hrleistet. Zwischen Smartphone\/Tablett und den Casambi-Ger\u00e4ten beruht jede Anforderung auf den <strong>Benutzerberechtigungen<\/strong> und ist <strong>eindeutig authentifiziert<\/strong>. Die Technologie CASAMBI, deren Funktionen st\u00e4ndig aktualisiert werden, ist das zentrale Tor zur IoT-Welt.<\/p>\n","protected":false},"excerpt":{"rendered":"<p>Moderne Beleuchtungssysteme sind als integraler Bestandteil des Raumkomforts und des professionellen Managements der Energieeffizienz konzipiert. Management bedeutet auch, die Steuerungsprozesse zu vereinfachen, die Beleuchtungsaktivit\u00e4t und -leistung zu \u00fcberwachen, wobei die Bed\u00fcrfnisse des Endverbrauchers in den Mittelpunkt gestellt werden. ESSE-CI stellt eine Reihe von L\u00f6sungen auf Basis der Casambi-Plattform vor, die es erm\u00f6glichen, \u00fcber Fernsteuerung mittels [&hellip;]<\/p>\n","protected":false},"author":3,"featured_media":0,"parent":0,"menu_order":0,"comment_status":"closed","ping_status":"closed","template":"","meta":{"inline_featured_image":false,"footnotes":""},"class_list":["post-61881","page","type-page","status-publish","hentry"],"acf":[],"yoast_head":"<!-- This site is optimized with the Yoast SEO plugin v20.8 - https:\/\/yoast.com\/wordpress\/plugins\/seo\/ -->\n<title>Bluetooth technology - Esse-Ci<\/title>\n<meta name=\"robots\" content=\"index, follow, max-snippet:-1, max-image-preview:large, max-video-preview:-1\" \/>\n<link rel=\"canonical\" href=\"https:\/\/www.esse-ci.com\/bluetooth\/\" \/>\n<meta property=\"og:locale\" content=\"de_DE\" \/>\n<meta property=\"og:type\" content=\"article\" \/>\n<meta property=\"og:title\" content=\"Bluetooth technology - Esse-Ci\" \/>\n<meta property=\"og:description\" content=\"Moderne Beleuchtungssysteme sind als integraler Bestandteil des Raumkomforts und des professionellen Managements der Energieeffizienz konzipiert. Management bedeutet auch, die Steuerungsprozesse zu vereinfachen, die Beleuchtungsaktivit\u00e4t und -leistung zu \u00fcberwachen, wobei die Bed\u00fcrfnisse des Endverbrauchers in den Mittelpunkt gestellt werden. ESSE-CI stellt eine Reihe von L\u00f6sungen auf Basis der Casambi-Plattform vor, die es erm\u00f6glichen, \u00fcber Fernsteuerung mittels [&hellip;]\" \/>\n<meta property=\"og:url\" content=\"https:\/\/www.esse-ci.com\/bluetooth\/\" \/>\n<meta property=\"og:site_name\" content=\"Esse-Ci\" \/>\n<meta property=\"article:modified_time\" content=\"2019-03-27T16:15:23+00:00\" \/>\n<meta name=\"twitter:card\" content=\"summary_large_image\" \/>\n<meta name=\"twitter:label1\" content=\"Gesch\u00e4tzte Lesezeit\" \/>\n\t<meta name=\"twitter:data1\" content=\"1\u00a0Minute\" \/>\n<script type=\"application\/ld+json\" class=\"yoast-schema-graph\">{\"@context\":\"https:\/\/schema.org\",\"@graph\":[{\"@type\":\"WebPage\",\"@id\":\"https:\/\/www.esse-ci.com\/bluetooth\/\",\"url\":\"https:\/\/www.esse-ci.com\/bluetooth\/\",\"name\":\"Bluetooth technology - Esse-Ci\",\"isPartOf\":{\"@id\":\"https:\/\/www.esse-ci.com\/en\/#website\"},\"datePublished\":\"2019-03-21T09:25:16+00:00\",\"dateModified\":\"2019-03-27T16:15:23+00:00\",\"breadcrumb\":{\"@id\":\"https:\/\/www.esse-ci.com\/bluetooth\/#breadcrumb\"},\"inLanguage\":\"de\",\"potentialAction\":[{\"@type\":\"ReadAction\",\"target\":[\"https:\/\/www.esse-ci.com\/bluetooth\/\"]}]},{\"@type\":\"BreadcrumbList\",\"@id\":\"https:\/\/www.esse-ci.com\/bluetooth\/#breadcrumb\",\"itemListElement\":[{\"@type\":\"ListItem\",\"position\":1,\"name\":\"Home\",\"item\":\"https:\/\/www.esse-ci.com\/de\/\"},{\"@type\":\"ListItem\",\"position\":2,\"name\":\"Bluetooth technology\"}]},{\"@type\":\"WebSite\",\"@id\":\"https:\/\/www.esse-ci.com\/en\/#website\",\"url\":\"https:\/\/www.esse-ci.com\/en\/\",\"name\":\"Esse-Ci\",\"description\":\"Living Light\",\"potentialAction\":[{\"@type\":\"SearchAction\",\"target\":{\"@type\":\"EntryPoint\",\"urlTemplate\":\"https:\/\/www.esse-ci.com\/en\/?s={search_term_string}\"},\"query-input\":\"required name=search_term_string\"}],\"inLanguage\":\"de\"}]}<\/script>\n<!-- \/ Yoast SEO plugin. -->","yoast_head_json":{"title":"Bluetooth technology - Esse-Ci","robots":{"index":"index","follow":"follow","max-snippet":"max-snippet:-1","max-image-preview":"max-image-preview:large","max-video-preview":"max-video-preview:-1"},"canonical":"https:\/\/www.esse-ci.com\/bluetooth\/","og_locale":"de_DE","og_type":"article","og_title":"Bluetooth technology - Esse-Ci","og_description":"Moderne Beleuchtungssysteme sind als integraler Bestandteil des Raumkomforts und des professionellen Managements der Energieeffizienz konzipiert. Management bedeutet auch, die Steuerungsprozesse zu vereinfachen, die Beleuchtungsaktivit\u00e4t und -leistung zu \u00fcberwachen, wobei die Bed\u00fcrfnisse des Endverbrauchers in den Mittelpunkt gestellt werden. ESSE-CI stellt eine Reihe von L\u00f6sungen auf Basis der Casambi-Plattform vor, die es erm\u00f6glichen, \u00fcber Fernsteuerung mittels [&hellip;]","og_url":"https:\/\/www.esse-ci.com\/bluetooth\/","og_site_name":"Esse-Ci","article_modified_time":"2019-03-27T16:15:23+00:00","twitter_card":"summary_large_image","twitter_misc":{"Gesch\u00e4tzte Lesezeit":"1\u00a0Minute"},"schema":{"@context":"https:\/\/schema.org","@graph":[{"@type":"WebPage","@id":"https:\/\/www.esse-ci.com\/bluetooth\/","url":"https:\/\/www.esse-ci.com\/bluetooth\/","name":"Bluetooth technology - Esse-Ci","isPartOf":{"@id":"https:\/\/www.esse-ci.com\/en\/#website"},"datePublished":"2019-03-21T09:25:16+00:00","dateModified":"2019-03-27T16:15:23+00:00","breadcrumb":{"@id":"https:\/\/www.esse-ci.com\/bluetooth\/#breadcrumb"},"inLanguage":"de","potentialAction":[{"@type":"ReadAction","target":["https:\/\/www.esse-ci.com\/bluetooth\/"]}]},{"@type":"BreadcrumbList","@id":"https:\/\/www.esse-ci.com\/bluetooth\/#breadcrumb","itemListElement":[{"@type":"ListItem","position":1,"name":"Home","item":"https:\/\/www.esse-ci.com\/de\/"},{"@type":"ListItem","position":2,"name":"Bluetooth technology"}]},{"@type":"WebSite","@id":"https:\/\/www.esse-ci.com\/en\/#website","url":"https:\/\/www.esse-ci.com\/en\/","name":"Esse-Ci","description":"Living Light","potentialAction":[{"@type":"SearchAction","target":{"@type":"EntryPoint","urlTemplate":"https:\/\/www.esse-ci.com\/en\/?s={search_term_string}"},"query-input":"required name=search_term_string"}],"inLanguage":"de"}]}},"_links":{"self":[{"href":"https:\/\/www.esse-ci.com\/de\/wp-json\/wp\/v2\/pages\/61881"}],"collection":[{"href":"https:\/\/www.esse-ci.com\/de\/wp-json\/wp\/v2\/pages"}],"about":[{"href":"https:\/\/www.esse-ci.com\/de\/wp-json\/wp\/v2\/types\/page"}],"author":[{"embeddable":true,"href":"https:\/\/www.esse-ci.com\/de\/wp-json\/wp\/v2\/users\/3"}],"replies":[{"embeddable":true,"href":"https:\/\/www.esse-ci.com\/de\/wp-json\/wp\/v2\/comments?post=61881"}],"version-history":[{"count":3,"href":"https:\/\/www.esse-ci.com\/de\/wp-json\/wp\/v2\/pages\/61881\/revisions"}],"predecessor-version":[{"id":62115,"href":"https:\/\/www.esse-ci.com\/de\/wp-json\/wp\/v2\/pages\/61881\/revisions\/62115"}],"wp:attachment":[{"href":"https:\/\/www.esse-ci.com\/de\/wp-json\/wp\/v2\/media?parent=61881"}],"curies":[{"name":"wp","href":"https:\/\/api.w.org\/{rel}","templated":true}]}}